{"id":36619,"date":"2023-11-16T19:43:30","date_gmt":"2023-11-16T19:43:30","guid":{"rendered":"https:\/\/coreconsultantsrealty.com\/privacy-policy\/"},"modified":"2023-11-16T19:57:36","modified_gmt":"2023-11-16T19:57:36","slug":"politique-de-confidentialite","status":"publish","type":"page","link":"https:\/\/coreconsultantsrealty.com\/fr\/politique-de-confidentialite\/","title":{"rendered":"Politique de confidentialit\u00e9"},"content":{"rendered":"[et_pb_section fb_built=&#8221;1&#8243; _builder_version=&#8221;4.22.2&#8243; _module_preset=&#8221;default&#8221; global_colors_info=&#8221;{}&#8221;][et_pb_row _builder_version=&#8221;4.22.2&#8243; _module_preset=&#8221;default&#8221; global_colors_info=&#8221;{}&#8221;][et_pb_column type=&#8221;4_4&#8243; _builder_version=&#8221;4.22.2&#8243; _module_preset=&#8221;default&#8221; global_colors_info=&#8221;{}&#8221;][et_pb_text _builder_version=&#8221;4.22.2&#8243; _module_preset=&#8221;default&#8221; global_colors_info=&#8221;{}&#8221;]\n<h1><span style=\"font-weight: 400;\">Politique de confidentialit\u00e9<\/span><\/h1>\n<p><span style=\"font-weight: 400;\">Vous visitez actuellement le site web de<\/span><span style=\"font-weight: 400;\"> Core Consultants Realty<\/span><\/p>\n<p><span style=\"font-weight: 400;\">Lorsque vous utilisez notre site web ou nos services, nous recueillons des renseignements qui nous permettent de vous identifier. Votre vie priv\u00e9e est importante pour nous, et tous les renseignements que nous recueillons sont utilis\u00e9s dans le respect de cette philosophie et dans l&#8217;unique but de vous fournir un service personnalis\u00e9 et une exp\u00e9rience en ligne optimis\u00e9e.<\/span><\/p>\n<p><span style=\"font-weight: 400;\">La pr\u00e9sente politique de confidentialit\u00e9 (la &#8220;Politique de confidentialit\u00e9&#8221;) explique le type de renseignements personnels que nous recueillons, la mani\u00e8re dont ils sont trait\u00e9s, vos droits concernant ces renseignements, ainsi que la mani\u00e8re de nous contacter si vous avez des questions ou des pr\u00e9occupations par rapport \u00e0 notre utilisation de ces renseignements. Notre responsable de la protection des renseignements personnels veille au respect de la protection de vos renseignements personnels et r\u00e9pond \u00e0 toutes les questions relatives \u00e0 la vie priv\u00e9e et \u00e0 la confidentialit\u00e9 afin de garantir la transparence et la responsabilit\u00e9 dans la gestion de tous les renseignements personnels. Vous pouvez contacter notre responsable \u00e0 l&#8217;adresse suivante : <\/span><span style=\"font-weight: 400;\">info@coreconsultantsrealty.com.<\/span><\/p>\n<p><b>Qu&#8217;est-ce qu&#8217;un renseignement personnel ?<\/b><\/p>\n<p><span style=\"font-weight: 400;\">Les renseignements personnels sont toutes les informations vous concernant qui peuvent \u00eatre utilis\u00e9es, seules ou avec d&#8217;autres donn\u00e9es, pour vous identifier. Par exemple, votre identifiant en ligne ou votre adresse IP peuvent \u00eatre consid\u00e9r\u00e9s comme \u00e9tant des renseignements personnels, car ils peuvent \u00eatre reli\u00e9s \u00e0 vous.<\/span><\/p>\n<p><b>Quand la Politique de confidentialit\u00e9 s&#8217;applique-t-elle ?<\/b><\/p>\n<p><span style=\"font-weight: 400;\">La pr\u00e9sente Politique de confidentialit\u00e9 s&#8217;applique \u00e0 notre site web et \u00e0 tous les services que nous vous fournissons (collectivement, les &#8220;Services&#8221;). En visitant, en acc\u00e9dant ou en utilisant nos Services, vous acceptez \u00e9galement le contenu de la Politique de confidentialit\u00e9. Si vous n\u2019\u00eates pas d&#8217;accord avec une partie de ces politiques ou pratiques, veuillez ne pas visiter, acc\u00e9der ou utiliser nos Services. Les Services peuvent contenir du mat\u00e9riel ou du contenu de tiers, ce qui peut inclure les \u00e9l\u00e9ments suivants : identifiants de m\u00e9dias sociaux, autorisations de partage de contenu et liens vers du contenu et du mat\u00e9riel provenant d&#8217;autres sites web de tiers. Dans certains cas, ces tiers peuvent traiter vos renseignements personnels. Ce traitement est soumis aux politiques de confidentialit\u00e9 respectives de chaque tiers, et nous vous invitons \u00e0 vous renseigner sur leurs pratiques et \u00e0 consulter leurs politiques ici :<\/span><a href=\"https:\/\/chat.openai.com\/c\/lien\"><span style=\"font-weight: 400;\">\u00a0<\/span><\/a><\/p>\n<ul>\n<li style=\"font-weight: 400;\" aria-level=\"1\"><span style=\"font-weight: 400;\">Lire la Politique de confidentialit\u00e9 de <\/span><a href=\"https:\/\/policies.google.com\/privacy?hl=en-US\"><span style=\"font-weight: 400;\">Google<\/span><\/a><\/li>\n<li style=\"font-weight: 400;\" aria-level=\"1\"><span style=\"font-weight: 400;\">Lire la Politique de confidentialit\u00e9 de <\/span><a href=\"https:\/\/mailchimp.com\/legal\/\"><span style=\"font-weight: 400;\">Mailchimp<\/span><\/a><\/li>\n<li style=\"font-weight: 400;\" aria-level=\"1\"><span style=\"font-weight: 400;\">Lire la Politique de confidentialit\u00e9 de <\/span><span style=\"font-weight: 400;\">\u00a0<\/span><a href=\"https:\/\/www.centris.ca\/en\/terms-use-privacy-policy?tab=PrivacyPolicy\"><span style=\"font-weight: 400;\">Centris<\/span><\/a><\/li>\n<li style=\"font-weight: 400;\" aria-level=\"1\"><span style=\"font-weight: 400;\">Lire la Politique de confidentialit\u00e9 de <\/span><a href=\"https:\/\/www.oaciq.com\/en\/pages\/privacy-policy\"><span style=\"font-weight: 400;\">OACIQ<\/span><\/a><\/li>\n<li style=\"font-weight: 400;\" aria-level=\"1\"><span style=\"font-weight: 400;\">Lire la Politique de confidentialit\u00e9 de <\/span><a href=\"https:\/\/www.nexone.ca\/privacy-policy\/\"><span style=\"font-weight: 400;\">Nexone<\/span><\/a><\/li>\n<\/ul>\n<p>&nbsp;<\/p>\n<p><b>Quand recueillons-nous vos renseignements personnels ?<\/b><\/p>\n<p><span style=\"font-weight: 400;\">Les circonstances suivantes peuvent nous amener \u00e0 collecter vos renseignements personnels :<\/span><\/p>\n<ul>\n<li style=\"font-weight: 400;\" aria-level=\"1\"><span style=\"font-weight: 400;\">Lorsque vous vous abonnez volontairement \u00e0 notre newsletter ;<\/span><\/li>\n<li style=\"font-weight: 400;\" aria-level=\"1\"><span style=\"font-weight: 400;\">Lorsque vous remplissez un formulaire de contrat sur notre site Internet ;<\/span><\/li>\n<li style=\"font-weight: 400;\" aria-level=\"1\"><span style=\"font-weight: 400;\">Lorsque vous faites un don ;<\/span><\/li>\n<li style=\"font-weight: 400;\" aria-level=\"1\"><span style=\"font-weight: 400;\">Lorsque vous r\u00e9pondez \u00e0 nos enqu\u00eates et questionnaires ;<\/span><\/li>\n<li style=\"font-weight: 400;\" aria-level=\"1\"><span style=\"font-weight: 400;\">Lorsque vous interagissez avec nos pages de r\u00e9seaux sociaux ;<\/span><\/li>\n<li style=\"font-weight: 400;\" aria-level=\"1\"><span style=\"font-weight: 400;\">Lorsque vous postulez pour un emploi au sein de notre organisation ;<\/span><\/li>\n<li style=\"font-weight: 400;\" aria-level=\"1\"><span style=\"font-weight: 400;\">Lorsque vous acceptez un cookie sur votre appareil ;<\/span><\/li>\n<li style=\"font-weight: 400;\" aria-level=\"1\"><span style=\"font-weight: 400;\">Lorsque vous avez fourni des informations accessibles au public ; et<\/span><\/li>\n<li style=\"font-weight: 400;\" aria-level=\"1\"><span style=\"font-weight: 400;\">Lorsque vous interagissez avec nos repr\u00e9sentants.<\/span><\/li>\n<\/ul>\n<p><b>Quels renseignements personnels recueillons-nous et pourquoi ?<\/b><\/p>\n<p><span style=\"font-weight: 400;\">Nous recueillons des renseignements personnels tels que votre nom, votre num\u00e9ro de t\u00e9l\u00e9phone, votre adresse courriel et votre adresse r\u00e9sidentielle afin d\u2019\u00eatre en mesure de vous fournir des Services adapt\u00e9s \u00e0 vos besoins. Bien que les renseignements personnels que nous recueillons soient principalement utilis\u00e9s pour vous fournir les Services, ils peuvent \u00e9galement, avec votre consentement, \u00eatre utilis\u00e9s aux fins suivantes :<\/span><\/p>\n<ul>\n<li style=\"font-weight: 400;\" aria-level=\"1\"><span style=\"font-weight: 400;\">acc\u00e9der \u00e0 des informations personnalis\u00e9es et pr\u00e9cises lorsque vous en faites la demande ;<\/span><\/li>\n<li style=\"font-weight: 400;\" aria-level=\"1\"><span style=\"font-weight: 400;\">recevoir nos newsletters, ou tout autre mat\u00e9riel lorsque vous y consentez explicitement ;<\/span><\/li>\n<li style=\"font-weight: 400;\" aria-level=\"1\"><span style=\"font-weight: 400;\">recevoir les produits et\/ou services demand\u00e9s ; et<\/span><\/li>\n<li style=\"font-weight: 400;\" aria-level=\"1\"><span style=\"font-weight: 400;\">recevoir des pr\u00e9sentations de nos nouveaux produits et\/ou Services, si vous l&#8217;avez accept\u00e9. Vos informations personnelles peuvent \u00e9galement \u00eatre collect\u00e9es indirectement \u00e0 l\u2019aide de cookies et d\u2019autres technologies. Veuillez vous r\u00e9f\u00e9rer \u00e0 la section cookies ci-dessous pour plus d&#8217;informations.<\/span><\/li>\n<\/ul>\n<p><b>O\u00f9 et pendant combien de temps conservons-nous vos renseignements personnels ?<\/b><\/p>\n<p><span style=\"font-weight: 400;\">Vos renseignements personnels sont stock\u00e9s sur nos services de stockage en nuage, nos syst\u00e8mes de gestion de base de donn\u00e9es, nos syst\u00e8mes de gestion de documents, nos syst\u00e8mes de gestion de contenu, nos plateformes de gestion de la relation client, nos serveurs de fichiers, nos syst\u00e8mes de stockage de fichiers s\u00e9curis\u00e9s, nos solutions de stockage crypt\u00e9es, nos syst\u00e8mes de sauvegarde et de r\u00e9cup\u00e9ration, nos serveurs priv\u00e9s virtuels, nos solutions de stockage hybrides combinant le stockage sur site et le stockage en nuage, et directement sur les applications tierces utilis\u00e9es par notre organisation. Nous conservons vos renseignements aussi longtemps qu&#8217;il le faut pour atteindre les objectifs pour lesquels ils ont \u00e9t\u00e9 recueillis, pas plus longtemps. Vos renseignements personnels sont ensuite d\u00e9truits de mani\u00e8re appropri\u00e9e. Toutefois, nous devons respecter certaines p\u00e9riodes de conservation l\u00e9gales pour certains types de renseignements. Par exemple, les informations relatives au paiement et \u00e0 la facturation (par exemple, l\u2019adresse de facturation, le nom, etc.) sont conserv\u00e9es pendant une dur\u00e9e de sept (7) ans, conform\u00e9ment \u00e0 la l\u00e9gislation fiscale applicable.<\/span><\/p>\n<p><b>Comment assurons-nous la s\u00e9curit\u00e9 de vos renseignements personnels ?<\/b><\/p>\n<p><span style=\"font-weight: 400;\">Pour pr\u00e9server l&#8217;int\u00e9grit\u00e9 de vos renseignements personnels et les prot\u00e9ger contre la perte, l&#8217;acc\u00e8s et l&#8217;utilisation non autoris\u00e9s, la divulgation, ou la modification, nous mettons en \u0153uvre une vari\u00e9t\u00e9 de mesures contractuelles, techniques et organisationnelles. Tous les employ\u00e9s qui sont en contact avec vos renseignements re\u00e7oivent une formation sur les meilleures pratiques en mati\u00e8re de cybers\u00e9curit\u00e9 et de gestion des donn\u00e9es. Notre entreprise est li\u00e9e par des politiques internes telles qu&#8217;une politique et pratiques de sensibilisation \u00e0 la cybers\u00e9curit\u00e9, une politique de s\u00e9curit\u00e9 de l\u2019information, une politique des r\u00f4les et responsabilit\u00e9s, une politique de gestion des donn\u00e9es, une politique de s\u00e9curit\u00e9 physique et un registre des incidents. Pour des raisons de s\u00e9curit\u00e9, nous ne divulguons pas ces politiques publiquement. Soyez assur\u00e9s que nos collaborateurs et nos sous-traitants sont \u00e9galement tenus de respecter les m\u00eames exigences en mati\u00e8re de protection de la vie priv\u00e9e.<\/span><\/p>\n<p><b>Qui peut acc\u00e9der \u00e0 vos informations ?<\/b><\/p>\n<p><span style=\"font-weight: 400;\">Vos informations personnelles ne peuvent \u00eatre acc\u00e9d\u00e9es par et partag\u00e9es qu\u2019avec :<\/span><\/p>\n<ul>\n<li style=\"font-weight: 400;\" aria-level=\"1\"><span style=\"font-weight: 400;\">nos employ\u00e9s autoris\u00e9s;<\/span><\/li>\n<li style=\"font-weight: 400;\" aria-level=\"1\"><span style=\"font-weight: 400;\">nos partenaires (\u00e9num\u00e9r\u00e9s pr\u00e9c\u00e9demment); et<\/span><\/li>\n<li style=\"font-weight: 400;\" aria-level=\"1\"><span style=\"font-weight: 400;\">nos prestataires de services externes autoris\u00e9s.<\/span><\/li>\n<\/ul>\n<p><b>Quels sont vos droits concernant vos renseignements personnels?<\/b><\/p>\n<p><span style=\"font-weight: 400;\">Vous avez le droit de :<\/span><\/p>\n<ul>\n<li style=\"font-weight: 400;\" aria-level=\"1\"><span style=\"font-weight: 400;\">Savoir comment nous collectons et traitons vos renseignements personnels;<\/span><\/li>\n<li style=\"font-weight: 400;\" aria-level=\"1\"><span style=\"font-weight: 400;\">Acc\u00e9der aux renseignements personnels que nous avons recueillis \u00e0 votre sujet;<\/span><\/li>\n<li style=\"font-weight: 400;\" aria-level=\"1\"><span style=\"font-weight: 400;\">Demander la suppression de vos renseignements personnels;<\/span><\/li>\n<li style=\"font-weight: 400;\" aria-level=\"1\"><span style=\"font-weight: 400;\">Demander la modification et la rectification de vos renseignements personnels;<\/span><\/li>\n<li style=\"font-weight: 400;\" aria-level=\"1\"><span style=\"font-weight: 400;\">Demander que vos renseignements personnels ne soient plus trait\u00e9s par nous et qu&#8217;ils soient effac\u00e9s; et<\/span><\/li>\n<li style=\"font-weight: 400;\" aria-level=\"1\"><span style=\"font-weight: 400;\">Contr\u00f4ler la fa\u00e7on dont nous faisons le traitement de vos renseignements personnels et la restreindre de mani\u00e8re \u00e0 ce que nous ne traitions plus vos renseignements personnels, mais que nous les conservions. Cet article est toutefois sujet au point 5 de la Politique de confidentialit\u00e9 au sujet de la dur\u00e9e de conservation des renseignements personnels.<\/span><\/li>\n<\/ul>\n<p><b>Utilisation des cookies<\/b><\/p>\n<p><span style=\"font-weight: 400;\">Les cookies sont de petits fichiers qui sont t\u00e9l\u00e9charg\u00e9s sur votre appareil lorsque vous acc\u00e9dez \u00e0 certains sites web. Les informations contenues dans ces petits fichiers sont ensuite renvoy\u00e9es au site web lorsque vous revenez sur la page ou lorsque vous visitez un site web qui reconna\u00eet le cookie. Les cookies permettent \u00e0 un site web de reconna\u00eetre les utilisateurs et de comprendre comment ils naviguent sur diff\u00e9rents sites web. L&#8217;utilisateur peut ainsi naviguer plus facilement sur le site web et enregistrer ses pr\u00e9f\u00e9rences, tout en am\u00e9liorant son exp\u00e9rience. Les cookies peuvent avoir diff\u00e9rents objectifs et utilisations. Pour plus d&#8217;informations sur les cookies, vous pouvez consulter les sites web suivants :<\/span><a href=\"https:\/\/chat.openai.com\/c\/lien\"> <span style=\"font-weight: 400;\">www.allaboutcookies.org<\/span><\/a><span style=\"font-weight: 400;\"> et<\/span><a href=\"https:\/\/chat.openai.com\/c\/lien\"> <span style=\"font-weight: 400;\">www.youronlinechoices.eu<\/span><\/a><span style=\"font-weight: 400;\">. Nous utilisons des cookies sur notre site web pour vous garantir une exp\u00e9rience de navigation agr\u00e9able. Ces cookies sont install\u00e9s sur votre ordinateur lorsque vous donnez votre consentement, et vous avez la libert\u00e9 de retirer ou de modifier ce consentement \u00e0 tout moment, sans frais. Il convient de noter que certains cookies sont essentiels au fonctionnement d&#8217;un site web et ne peuvent \u00eatre d\u00e9sactiv\u00e9s. Il s&#8217;agit notamment des cookies de fonction et des cookies de performance, qui peuvent vous reconna\u00eetre en tant qu&#8217;utilisateur et informer le site web de vos activit\u00e9s r\u00e9centes. Ces cookies sont n\u00e9cessaires pour permettre aux utilisateurs qui ont d\u00e9j\u00e0 visit\u00e9 certaines pages d&#8217;acc\u00e9der plus rapidement au contenu. Par exemple, sans cookies, vous ne pourriez pas revenir \u00e0 une page pr\u00e9c\u00e9dente et seriez renvoy\u00e9 \u00e0 la page d&#8217;accueil du site web chaque fois que vous utiliseriez la fonction \u00ab Retour \u00bb.<\/span><\/p>\n<p><b>Modifications<\/b><\/p>\n<p><span style=\"font-weight: 400;\">Enfin, gardant \u00e0 l&#8217;esprit que le monde num\u00e9rique est en constante \u00e9volution, nous pourrions \u00eatre amen\u00e9s \u00e0 modifier et \u00e0 mettre \u00e0 jour la pr\u00e9sente Politique de confidentialit\u00e9 \u00e0 l&#8217;avenir. Toutefois, nous veillerons \u00e0 ce que toute modification soit rapidement publi\u00e9e sur notre site web et vous soit communiqu\u00e9e. La pr\u00e9sente version de la Politique de confidentialit\u00e9 s&#8217;applique \u00e0 compter du 20 septembre 2023.<\/span><\/p>\n[\/et_pb_text][\/et_pb_column][\/et_pb_row][\/et_pb_section]\n<span class=\"et_bloom_bottom_trigger\"><\/span>","protected":false},"excerpt":{"rendered":"<p>Politique de confidentialit\u00e9 Vous visitez actuellement le site web de Core Consultants Realty Lorsque vous utilisez notre site web ou nos services, nous recueillons des renseignements qui nous permettent de vous identifier. Votre vie priv\u00e9e est importante pour nous, et tous les renseignements que nous recueillons sont utilis\u00e9s dans le respect de cette philosophie et [&hellip;]<\/p>\n","protected":false},"author":2,"featured_media":0,"parent":0,"menu_order":0,"comment_status":"closed","ping_status":"closed","template":"","meta":{"_et_pb_use_builder":"on","_et_pb_old_content":"","_et_gb_content_width":"","footnotes":""},"class_list":["post-36619","page","type-page","status-publish","hentry"],"yoast_head":"<!-- This site is optimized with the Yoast SEO plugin v23.2 - https:\/\/yoast.com\/wordpress\/plugins\/seo\/ -->\n<title>Politique de confidentialit\u00e9 - Core Consultants Realty<\/title>\n<meta name=\"robots\" content=\"index, follow, max-snippet:-1, max-image-preview:large, max-video-preview:-1\" \/>\n<link rel=\"canonical\" href=\"https:\/\/coreconsultantsrealty.com\/fr\/politique-de-confidentialite\/\" \/>\n<meta property=\"og:locale\" content=\"fr_FR\" \/>\n<meta property=\"og:type\" content=\"article\" \/>\n<meta property=\"og:title\" content=\"Politique de confidentialit\u00e9 - Core Consultants Realty\" \/>\n<meta property=\"og:description\" content=\"Politique de confidentialit\u00e9 Vous visitez actuellement le site web de Core Consultants Realty Lorsque vous utilisez notre site web ou nos services, nous recueillons des renseignements qui nous permettent de vous identifier. Votre vie priv\u00e9e est importante pour nous, et tous les renseignements que nous recueillons sont utilis\u00e9s dans le respect de cette philosophie et [&hellip;]\" \/>\n<meta property=\"og:url\" content=\"https:\/\/coreconsultantsrealty.com\/fr\/politique-de-confidentialite\/\" \/>\n<meta property=\"og:site_name\" content=\"Core Consultants Realty\" \/>\n<meta property=\"article:publisher\" content=\"https:\/\/www.facebook.com\/coreconsultantsrealty\" \/>\n<meta property=\"article:modified_time\" content=\"2023-11-16T19:57:36+00:00\" \/>\n<meta name=\"twitter:card\" content=\"summary_large_image\" \/>\n<meta name=\"twitter:label1\" content=\"Dur\u00e9e de lecture estim\u00e9e\" \/>\n\t<meta name=\"twitter:data1\" content=\"6 minutes\" \/>\n<script type=\"application\/ld+json\" class=\"yoast-schema-graph\">{\"@context\":\"https:\/\/schema.org\",\"@graph\":[{\"@type\":\"WebPage\",\"@id\":\"https:\/\/coreconsultantsrealty.com\/fr\/politique-de-confidentialite\/\",\"url\":\"https:\/\/coreconsultantsrealty.com\/fr\/politique-de-confidentialite\/\",\"name\":\"Politique de confidentialit\u00e9 - Core Consultants Realty\",\"isPartOf\":{\"@id\":\"https:\/\/coreconsultantsrealty.com\/#website\"},\"datePublished\":\"2023-11-16T19:43:30+00:00\",\"dateModified\":\"2023-11-16T19:57:36+00:00\",\"breadcrumb\":{\"@id\":\"https:\/\/coreconsultantsrealty.com\/fr\/politique-de-confidentialite\/#breadcrumb\"},\"inLanguage\":\"fr-FR\",\"potentialAction\":[{\"@type\":\"ReadAction\",\"target\":[\"https:\/\/coreconsultantsrealty.com\/fr\/politique-de-confidentialite\/\"]}]},{\"@type\":\"BreadcrumbList\",\"@id\":\"https:\/\/coreconsultantsrealty.com\/fr\/politique-de-confidentialite\/#breadcrumb\",\"itemListElement\":[{\"@type\":\"ListItem\",\"position\":1,\"name\":\"Home\",\"item\":\"https:\/\/coreconsultantsrealty.com\/fr\/\"},{\"@type\":\"ListItem\",\"position\":2,\"name\":\"Politique de confidentialit\u00e9\"}]},{\"@type\":\"WebSite\",\"@id\":\"https:\/\/coreconsultantsrealty.com\/#website\",\"url\":\"https:\/\/coreconsultantsrealty.com\/\",\"name\":\"Core Consultants Realty\",\"description\":\"Real Estate Brokerage\",\"potentialAction\":[{\"@type\":\"SearchAction\",\"target\":{\"@type\":\"EntryPoint\",\"urlTemplate\":\"https:\/\/coreconsultantsrealty.com\/?s={search_term_string}\"},\"query-input\":\"required name=search_term_string\"}],\"inLanguage\":\"fr-FR\"}]}<\/script>\n<!-- \/ Yoast SEO plugin. -->","yoast_head_json":{"title":"Politique de confidentialit\u00e9 - Core Consultants Realty","robots":{"index":"index","follow":"follow","max-snippet":"max-snippet:-1","max-image-preview":"max-image-preview:large","max-video-preview":"max-video-preview:-1"},"canonical":"https:\/\/coreconsultantsrealty.com\/fr\/politique-de-confidentialite\/","og_locale":"fr_FR","og_type":"article","og_title":"Politique de confidentialit\u00e9 - Core Consultants Realty","og_description":"Politique de confidentialit\u00e9 Vous visitez actuellement le site web de Core Consultants Realty Lorsque vous utilisez notre site web ou nos services, nous recueillons des renseignements qui nous permettent de vous identifier. Votre vie priv\u00e9e est importante pour nous, et tous les renseignements que nous recueillons sont utilis\u00e9s dans le respect de cette philosophie et [&hellip;]","og_url":"https:\/\/coreconsultantsrealty.com\/fr\/politique-de-confidentialite\/","og_site_name":"Core Consultants Realty","article_publisher":"https:\/\/www.facebook.com\/coreconsultantsrealty","article_modified_time":"2023-11-16T19:57:36+00:00","twitter_card":"summary_large_image","twitter_misc":{"Dur\u00e9e de lecture estim\u00e9e":"6 minutes"},"schema":{"@context":"https:\/\/schema.org","@graph":[{"@type":"WebPage","@id":"https:\/\/coreconsultantsrealty.com\/fr\/politique-de-confidentialite\/","url":"https:\/\/coreconsultantsrealty.com\/fr\/politique-de-confidentialite\/","name":"Politique de confidentialit\u00e9 - Core Consultants Realty","isPartOf":{"@id":"https:\/\/coreconsultantsrealty.com\/#website"},"datePublished":"2023-11-16T19:43:30+00:00","dateModified":"2023-11-16T19:57:36+00:00","breadcrumb":{"@id":"https:\/\/coreconsultantsrealty.com\/fr\/politique-de-confidentialite\/#breadcrumb"},"inLanguage":"fr-FR","potentialAction":[{"@type":"ReadAction","target":["https:\/\/coreconsultantsrealty.com\/fr\/politique-de-confidentialite\/"]}]},{"@type":"BreadcrumbList","@id":"https:\/\/coreconsultantsrealty.com\/fr\/politique-de-confidentialite\/#breadcrumb","itemListElement":[{"@type":"ListItem","position":1,"name":"Home","item":"https:\/\/coreconsultantsrealty.com\/fr\/"},{"@type":"ListItem","position":2,"name":"Politique de confidentialit\u00e9"}]},{"@type":"WebSite","@id":"https:\/\/coreconsultantsrealty.com\/#website","url":"https:\/\/coreconsultantsrealty.com\/","name":"Core Consultants Realty","description":"Real Estate Brokerage","potentialAction":[{"@type":"SearchAction","target":{"@type":"EntryPoint","urlTemplate":"https:\/\/coreconsultantsrealty.com\/?s={search_term_string}"},"query-input":"required name=search_term_string"}],"inLanguage":"fr-FR"}]}},"_links":{"self":[{"href":"https:\/\/coreconsultantsrealty.com\/fr\/wp-json\/wp\/v2\/pages\/36619"}],"collection":[{"href":"https:\/\/coreconsultantsrealty.com\/fr\/wp-json\/wp\/v2\/pages"}],"about":[{"href":"https:\/\/coreconsultantsrealty.com\/fr\/wp-json\/wp\/v2\/types\/page"}],"author":[{"embeddable":true,"href":"https:\/\/coreconsultantsrealty.com\/fr\/wp-json\/wp\/v2\/users\/2"}],"replies":[{"embeddable":true,"href":"https:\/\/coreconsultantsrealty.com\/fr\/wp-json\/wp\/v2\/comments?post=36619"}],"version-history":[{"count":3,"href":"https:\/\/coreconsultantsrealty.com\/fr\/wp-json\/wp\/v2\/pages\/36619\/revisions"}],"predecessor-version":[{"id":36625,"href":"https:\/\/coreconsultantsrealty.com\/fr\/wp-json\/wp\/v2\/pages\/36619\/revisions\/36625"}],"wp:attachment":[{"href":"https:\/\/coreconsultantsrealty.com\/fr\/wp-json\/wp\/v2\/media?parent=36619"}],"curies":[{"name":"wp","href":"https:\/\/api.w.org\/{rel}","templated":true}]}}