{"id":19957,"date":"2022-03-15T13:37:18","date_gmt":"2022-03-15T13:37:18","guid":{"rendered":"https:\/\/coreconsultantsrealty.com\/residential-2\/"},"modified":"2022-04-22T20:37:46","modified_gmt":"2022-04-22T20:37:46","slug":"services-residentiels","status":"publish","type":"page","link":"https:\/\/coreconsultantsrealty.com\/fr\/services-residentiels\/","title":{"rendered":"Services r\u00e9sidentiels"},"content":{"rendered":"[et_pb_section fb_built=&#8221;1&#8243; _builder_version=&#8221;4.16.0&#8243; _module_preset=&#8221;default&#8221; background_color=&#8221;RGBA(255,255,255,0)&#8221; background_image=&#8221;https:\/\/coreconsultantsrealty.com\/wp-content\/uploads\/2022\/04\/residential-services-montreal-real-estate-core-min.jpg&#8221; parallax=&#8221;on&#8221; background_blend=&#8221;overlay&#8221; min_height=&#8221;350px&#8221; max_height=&#8221;350px&#8221; custom_padding=&#8221;50px||50px||false|false&#8221; global_colors_info=&#8221;{}&#8221;][et_pb_row make_equal=&#8221;on&#8221; _builder_version=&#8221;4.16&#8243; _module_preset=&#8221;default&#8221; width=&#8221;100%&#8221; max_width=&#8221;2560px&#8221; global_colors_info=&#8221;{}&#8221;][et_pb_column type=&#8221;4_4&#8243; _builder_version=&#8221;4.16&#8243; _module_preset=&#8221;default&#8221; custom_css_main_element=&#8221;display: flex;||flex-flow: column;&#8221; global_colors_info=&#8221;{}&#8221;][et_pb_text disabled_on=&#8221;on|on|on&#8221; _builder_version=&#8221;4.16&#8243; _module_preset=&#8221;default&#8221; header_text_align=&#8221;center&#8221; header_font_size=&#8221;50px&#8221; position_origin_a=&#8221;bottom_left&#8221; position_origin_f=&#8221;bottom_left&#8221; width=&#8221;100%&#8221; custom_margin=&#8221;||||false|false&#8221; custom_padding=&#8221;10%||||false|false&#8221; disabled=&#8221;on&#8221; global_colors_info=&#8221;{}&#8221;]\n<h1><span style=\"background-color: #ffffff;\">\u00a0Residential Services\u00a0<\/span><\/h1>\n[\/et_pb_text][\/et_pb_column][\/et_pb_row][\/et_pb_section][et_pb_section fb_built=&#8221;1&#8243; disabled_on=&#8221;off|off|off&#8221; module_id=&#8221;services&#8221; _builder_version=&#8221;4.16&#8243; custom_padding=&#8221;||0px|&#8221; global_colors_info=&#8221;{}&#8221;][et_pb_row column_structure=&#8221;1_2,1_2&#8243; use_custom_gutter=&#8221;on&#8221; gutter_width=&#8221;4&#8243; disabled_on=&#8221;off|off|off&#8221; module_id=&#8221;service&#8221; _builder_version=&#8221;4.16&#8243; background_size=&#8221;initial&#8221; background_position=&#8221;top_left&#8221; background_repeat=&#8221;repeat&#8221; custom_margin=&#8221;0px||0px||false|false&#8221; custom_margin_tablet=&#8221;&#8221; custom_margin_phone=&#8221;&#8221; custom_margin_last_edited=&#8221;on|desktop&#8221; custom_padding=&#8221;||0px&#8221; global_colors_info=&#8221;{}&#8221;][et_pb_column type=&#8221;1_2&#8243; _builder_version=&#8221;4.16&#8243; parallax=&#8221;on&#8221; custom_padding=&#8221;|||&#8221; global_colors_info=&#8221;{}&#8221; custom_padding__hover=&#8221;|||&#8221;][et_pb_image src=&#8221;https:\/\/coreconsultantsrealty.com\/wp-content\/uploads\/2022\/03\/agreement.png&#8221; title_text=&#8221;agreement&#8221; align_tablet=&#8221;center&#8221; align_phone=&#8221;center&#8221; align_last_edited=&#8221;on|desktop&#8221; _builder_version=&#8221;4.16&#8243; max_width=&#8221;30%&#8221; custom_margin=&#8221;||0px|-15px|false|false&#8221; custom_padding=&#8221;|||0px&#8221; animation_style=&#8221;fade&#8221; animation_duration=&#8221;1500ms&#8221; animation_delay=&#8221;500ms&#8221; global_colors_info=&#8221;{}&#8221;][\/et_pb_image][et_pb_text disabled_on=&#8221;off|off|off&#8221; _builder_version=&#8221;4.16.0&#8243; header_font=&#8221;||||||||&#8221; header_font_size=&#8221;28px&#8221; custom_margin=&#8221;30px||||false|false&#8221; custom_padding=&#8221;0px||0px&#8221; header_2_font_size_tablet=&#8221;&#8221; header_2_font_size_phone=&#8221;30px&#8221; header_2_font_size_last_edited=&#8221;on|phone&#8221; global_colors_info=&#8221;{}&#8221;]\n<h1>Repr\u00e9sentation des vendeurs<\/h1>\n<div>\n<p>Nous sommes un cabinet boutique ax\u00e9 sur le service qui propose une analyse compl\u00e8te du march\u00e9 afin de vous aider \u00e0 obtenir le meilleur prix pour la vente de votre propri\u00e9t\u00e9. Laissez notre expertise combin\u00e9e travailler pour vous !<\/p>\n<\/div>\n[\/et_pb_text][et_pb_divider show_divider=&#8221;off&#8221; _builder_version=&#8221;4.16&#8243; height=&#8221;100px&#8221; global_colors_info=&#8221;{}&#8221;][\/et_pb_divider][et_pb_image src=&#8221;https:\/\/coreconsultantsrealty.com\/wp-content\/uploads\/2022\/03\/housing-rates.png&#8221; title_text=&#8221;housing-rates&#8221; align_tablet=&#8221;center&#8221; align_phone=&#8221;center&#8221; align_last_edited=&#8221;on|desktop&#8221; _builder_version=&#8221;4.16&#8243; width=&#8221;30%&#8221; custom_margin=&#8221;||0px|-15px|false|false&#8221; custom_padding=&#8221;|||0px&#8221; animation_style=&#8221;fade&#8221; animation_duration=&#8221;1500ms&#8221; animation_delay=&#8221;1050ms&#8221; global_colors_info=&#8221;{}&#8221;][\/et_pb_image][et_pb_text disabled_on=&#8221;off|off|off&#8221; _builder_version=&#8221;4.16.0&#8243; header_font=&#8221;||||||||&#8221; header_font_size=&#8221;28px&#8221; custom_margin=&#8221;20px||||false|false&#8221; custom_padding=&#8221;0px||&#8221; header_2_font_size_tablet=&#8221;&#8221; header_2_font_size_phone=&#8221;30px&#8221; header_2_font_size_last_edited=&#8221;on|phone&#8221; global_colors_info=&#8221;{}&#8221;]\n<h1>Investissement<\/h1>\n<p>Vous construisez votre portefeuille d&#8217;investissement ? Nous sommes l\u00e0 pour vous guider tout au long du processus et vous aider \u00e0 chaque \u00e9tape afin d&#8217;assurer que vos objectifs d&#8217;investissement soient atteints dans l&#8217;acquisition de propri\u00e9t\u00e9s multi-r\u00e9sidentielles ou commerciales.<\/p>\n[\/et_pb_text][\/et_pb_column][et_pb_column type=&#8221;1_2&#8243; _builder_version=&#8221;4.16&#8243; custom_padding=&#8221;|||&#8221; global_colors_info=&#8221;{}&#8221; custom_padding__hover=&#8221;|||&#8221;][et_pb_divider show_divider=&#8221;off&#8221; _builder_version=&#8221;4.16&#8243; height=&#8221;50px&#8221; global_colors_info=&#8221;{}&#8221;][\/et_pb_divider][et_pb_image src=&#8221;https:\/\/coreconsultantsrealty.com\/wp-content\/uploads\/2022\/03\/deal-1.png&#8221; title_text=&#8221;deal (1)&#8221; align_tablet=&#8221;center&#8221; align_phone=&#8221;center&#8221; align_last_edited=&#8221;on|desktop&#8221; _builder_version=&#8221;4.16&#8243; max_width=&#8221;30%&#8221; custom_margin=&#8221;||0px|-15px|false|false&#8221; custom_padding=&#8221;|||0px&#8221; animation_style=&#8221;fade&#8221; animation_duration=&#8221;1500ms&#8221; animation_delay=&#8221;1000ms&#8221; global_colors_info=&#8221;{}&#8221;][\/et_pb_image][et_pb_text disabled_on=&#8221;off|off|off&#8221; _builder_version=&#8221;4.16.0&#8243; header_font=&#8221;||||||||&#8221; header_font_size=&#8221;28px&#8221; custom_margin=&#8221;30px||||false|false&#8221; custom_padding=&#8221;0px||&#8221; header_2_font_size_tablet=&#8221;&#8221; header_2_font_size_phone=&#8221;30px&#8221; header_2_font_size_last_edited=&#8221;on|phone&#8221; global_colors_info=&#8221;{}&#8221;]\n<h1>Repr\u00e9sentation d&#8217;acheteurs<\/h1>\n<p>Qu&#8217;il s&#8217;agisse de votre premier achat ou que vous soyez un acheteur exp\u00e9riment\u00e9, notre objectif est de vous aider \u00e0 n\u00e9gocier le meilleur accord, \u00e0 n\u00e9gocier les conditions les plus lucratives et \u00e0 repr\u00e9senter vos meilleurs int\u00e9r\u00eats tout au long de la transaction.<\/p>\n[\/et_pb_text][et_pb_divider show_divider=&#8221;off&#8221; _builder_version=&#8221;4.16&#8243; height=&#8221;100px&#8221; global_colors_info=&#8221;{}&#8221;][\/et_pb_divider][et_pb_image src=&#8221;https:\/\/coreconsultantsrealty.com\/wp-content\/uploads\/2022\/03\/seller.png&#8221; title_text=&#8221;seller&#8221; align_tablet=&#8221;center&#8221; align_phone=&#8221;center&#8221; align_last_edited=&#8221;on|desktop&#8221; _builder_version=&#8221;4.16&#8243; max_width=&#8221;30%&#8221; custom_margin=&#8221;||0px|-15px|false|false&#8221; custom_padding=&#8221;|||0px&#8221; animation_style=&#8221;fade&#8221; animation_duration=&#8221;1500ms&#8221; animation_delay=&#8221;1100ms&#8221; global_colors_info=&#8221;{}&#8221;][\/et_pb_image][et_pb_text disabled_on=&#8221;off|off|off&#8221; _builder_version=&#8221;4.16.0&#8243; header_font=&#8221;||||||||&#8221; header_font_size=&#8221;28px&#8221; custom_margin=&#8221;30px||||false|false&#8221; custom_padding=&#8221;0px||&#8221; header_2_font_size_tablet=&#8221;&#8221; header_2_font_size_phone=&#8221;30px&#8221; header_2_font_size_last_edited=&#8221;on|phone&#8221; global_colors_info=&#8221;{}&#8221;]\n<h1>Location &#8211; Repr\u00e9sentation des propri\u00e9taires et des locataires<\/h1>\n<p>Que vous soyez un propri\u00e9taire cherchant \u00e0 louer votre propri\u00e9t\u00e9 \u00e0 un locataire id\u00e9al ou un d\u00e9taillant\/locataire \u00e0 la recherche de votre prochain emplacement ou r\u00e9sidence, nos sp\u00e9cialistes de la location peuvent vous aider \u00e0 trouver l&#8217;emplacement id\u00e9al pour votre prochain chapitre.<\/p>\n[\/et_pb_text][\/et_pb_column][\/et_pb_row][et_pb_row column_structure=&#8221;1_2,1_2&#8243; use_custom_gutter=&#8221;on&#8221; gutter_width=&#8221;4&#8243; disabled_on=&#8221;on|off|off&#8221; _builder_version=&#8221;4.16&#8243; background_size=&#8221;initial&#8221; background_position=&#8221;top_left&#8221; background_repeat=&#8221;repeat&#8221; custom_margin=&#8221;-150px||&#8221; custom_padding=&#8221;0px||&#8221; global_colors_info=&#8221;{}&#8221;][et_pb_column type=&#8221;1_2&#8243; _builder_version=&#8221;4.16&#8243; custom_padding=&#8221;|||&#8221; global_colors_info=&#8221;{}&#8221; custom_padding__hover=&#8221;|||&#8221;][\/et_pb_column][et_pb_column type=&#8221;1_2&#8243; _builder_version=&#8221;4.16&#8243; custom_padding=&#8221;|||&#8221; global_colors_info=&#8221;{}&#8221; custom_padding__hover=&#8221;|||&#8221;][\/et_pb_column][\/et_pb_row][\/et_pb_section][et_pb_section fb_built=&#8221;1&#8243; module_id=&#8221;test&#8221; _builder_version=&#8221;4.16&#8243; global_colors_info=&#8221;{}&#8221;][et_pb_row _builder_version=&#8221;4.16&#8243; _module_preset=&#8221;default&#8221; global_colors_info=&#8221;{}&#8221;][et_pb_column type=&#8221;4_4&#8243; _builder_version=&#8221;4.16&#8243; _module_preset=&#8221;default&#8221; global_colors_info=&#8221;{}&#8221;][et_pb_text _builder_version=&#8221;4.16.0&#8243; _module_preset=&#8221;default&#8221; header_2_text_align=&#8221;center&#8221; global_colors_info=&#8221;{}&#8221;]\n<h2>T\u00e9moignages de clients<\/h2>\n[\/et_pb_text][et_pb_slider show_pagination=&#8221;off&#8221; arrows_custom_color=&#8221;#121212&#8243; dot_nav_custom_color=&#8221;RGBA(255,255,255,0)&#8221; disabled_on=&#8221;off|off|off&#8221; _builder_version=&#8221;4.16.0&#8243; _module_preset=&#8221;default&#8221; body_quote_border_color=&#8221;RGBA(255,255,255,0)&#8221; background_enable_image=&#8221;off&#8221; min_height=&#8221;200px&#8221; auto=&#8221;off&#8221; custom_css_slide_description=&#8221;text-shadow:none !important;||&#8221; custom_css_slide_title=&#8221;text-shadow:none !important;||&#8221; global_colors_info=&#8221;{}&#8221;][et_pb_slide admin_title=&#8221;Jose Pesso&#8221; _builder_version=&#8221;4.16.0&#8243; _module_preset=&#8221;default&#8221; global_colors_info=&#8221;{}&#8221; sticky_transition=&#8221;on&#8221;]\n<p>Margad \u00e9tait notre repr\u00e9sentante lorsque nous cherchions une maison. Maggie est vraiment \u00e0 l\u2019\u00e9coute et attentive \u00e0 nos besoins. Elle a su nous sugg\u00e9rer plusieurs propri\u00e9t\u00e9s et \u00e9tait toujours disponible lorsque \u00e7a nous convenait. Elle est professionnelle, polie et sympathique. Nous sommes maintenant d&#8217;heureux propri\u00e9taires de maison! Je la recommande fortement.<\/p>\n<p><strong>Jose Pesso<\/strong><\/p>\n[\/et_pb_slide][et_pb_slide admin_title=&#8221;Mathias Oberholzen&#8221; _builder_version=&#8221;4.16.0&#8243; _module_preset=&#8221;default&#8221; global_colors_info=&#8221;{}&#8221; sticky_transition=&#8221;on&#8221;]\n<p>Margad est tr\u00e8s professionnelle. Elle a clairement du succ\u00e8s dans son travail parce qu\u2019elle est passionn\u00e9e de son travail et la satisfaction de ses clients est sa plus grande priorit\u00e9. Je la recommande fortement \u00e0 tous ceux qui cherchent une v\u00e9ritable expertise en immobilier.<\/p>\n<p><strong>Mathias Oberholzen<\/strong><\/p>\n[\/et_pb_slide][\/et_pb_slider][\/et_pb_column][\/et_pb_row][\/et_pb_section]\n<span class=\"et_bloom_bottom_trigger\"><\/span>","protected":false},"excerpt":{"rendered":"<p>\u00a0Residential Services\u00a0Repr\u00e9sentation des vendeurs Nous sommes un cabinet boutique ax\u00e9 sur le service qui propose une analyse compl\u00e8te du march\u00e9 afin de vous aider \u00e0 obtenir le meilleur prix pour la vente de votre propri\u00e9t\u00e9. Laissez notre expertise combin\u00e9e travailler pour vous ! Investissement Vous construisez votre portefeuille d&#8217;investissement ? Nous sommes l\u00e0 pour vous [&hellip;]<\/p>\n","protected":false},"author":2,"featured_media":0,"parent":0,"menu_order":0,"comment_status":"closed","ping_status":"closed","template":"","meta":{"_et_pb_use_builder":"on","_et_pb_old_content":"","_et_gb_content_width":"","footnotes":""},"class_list":["post-19957","page","type-page","status-publish","hentry"],"yoast_head":"<!-- This site is optimized with the Yoast SEO plugin v23.2 - https:\/\/yoast.com\/wordpress\/plugins\/seo\/ -->\n<title>Services r\u00e9sidentiels - Core Consultants Realty<\/title>\n<meta name=\"robots\" content=\"index, follow, max-snippet:-1, max-image-preview:large, max-video-preview:-1\" \/>\n<link rel=\"canonical\" href=\"https:\/\/coreconsultantsrealty.com\/fr\/services-residentiels\/\" \/>\n<meta property=\"og:locale\" content=\"fr_FR\" \/>\n<meta property=\"og:type\" content=\"article\" \/>\n<meta property=\"og:title\" content=\"Services r\u00e9sidentiels - Core Consultants Realty\" \/>\n<meta property=\"og:description\" content=\"\u00a0Residential Services\u00a0Repr\u00e9sentation des vendeurs Nous sommes un cabinet boutique ax\u00e9 sur le service qui propose une analyse compl\u00e8te du march\u00e9 afin de vous aider \u00e0 obtenir le meilleur prix pour la vente de votre propri\u00e9t\u00e9. Laissez notre expertise combin\u00e9e travailler pour vous ! Investissement Vous construisez votre portefeuille d&#039;investissement ? Nous sommes l\u00e0 pour vous [&hellip;]\" \/>\n<meta property=\"og:url\" content=\"https:\/\/coreconsultantsrealty.com\/fr\/services-residentiels\/\" \/>\n<meta property=\"og:site_name\" content=\"Core Consultants Realty\" \/>\n<meta property=\"article:publisher\" content=\"https:\/\/www.facebook.com\/coreconsultantsrealty\" \/>\n<meta property=\"article:modified_time\" content=\"2022-04-22T20:37:46+00:00\" \/>\n<meta name=\"twitter:card\" content=\"summary_large_image\" \/>\n<meta name=\"twitter:label1\" content=\"Dur\u00e9e de lecture estim\u00e9e\" \/>\n\t<meta name=\"twitter:data1\" content=\"6 minutes\" \/>\n<script type=\"application\/ld+json\" class=\"yoast-schema-graph\">{\"@context\":\"https:\/\/schema.org\",\"@graph\":[{\"@type\":\"WebPage\",\"@id\":\"https:\/\/coreconsultantsrealty.com\/fr\/services-residentiels\/\",\"url\":\"https:\/\/coreconsultantsrealty.com\/fr\/services-residentiels\/\",\"name\":\"Services r\u00e9sidentiels - Core Consultants Realty\",\"isPartOf\":{\"@id\":\"https:\/\/coreconsultantsrealty.com\/#website\"},\"datePublished\":\"2022-03-15T13:37:18+00:00\",\"dateModified\":\"2022-04-22T20:37:46+00:00\",\"breadcrumb\":{\"@id\":\"https:\/\/coreconsultantsrealty.com\/fr\/services-residentiels\/#breadcrumb\"},\"inLanguage\":\"fr-FR\",\"potentialAction\":[{\"@type\":\"ReadAction\",\"target\":[\"https:\/\/coreconsultantsrealty.com\/fr\/services-residentiels\/\"]}]},{\"@type\":\"BreadcrumbList\",\"@id\":\"https:\/\/coreconsultantsrealty.com\/fr\/services-residentiels\/#breadcrumb\",\"itemListElement\":[{\"@type\":\"ListItem\",\"position\":1,\"name\":\"Home\",\"item\":\"https:\/\/coreconsultantsrealty.com\/fr\/\"},{\"@type\":\"ListItem\",\"position\":2,\"name\":\"Services r\u00e9sidentiels\"}]},{\"@type\":\"WebSite\",\"@id\":\"https:\/\/coreconsultantsrealty.com\/#website\",\"url\":\"https:\/\/coreconsultantsrealty.com\/\",\"name\":\"Core Consultants Realty\",\"description\":\"Real Estate Brokerage\",\"potentialAction\":[{\"@type\":\"SearchAction\",\"target\":{\"@type\":\"EntryPoint\",\"urlTemplate\":\"https:\/\/coreconsultantsrealty.com\/?s={search_term_string}\"},\"query-input\":\"required name=search_term_string\"}],\"inLanguage\":\"fr-FR\"}]}<\/script>\n<!-- \/ Yoast SEO plugin. -->","yoast_head_json":{"title":"Services r\u00e9sidentiels - Core Consultants Realty","robots":{"index":"index","follow":"follow","max-snippet":"max-snippet:-1","max-image-preview":"max-image-preview:large","max-video-preview":"max-video-preview:-1"},"canonical":"https:\/\/coreconsultantsrealty.com\/fr\/services-residentiels\/","og_locale":"fr_FR","og_type":"article","og_title":"Services r\u00e9sidentiels - Core Consultants Realty","og_description":"\u00a0Residential Services\u00a0Repr\u00e9sentation des vendeurs Nous sommes un cabinet boutique ax\u00e9 sur le service qui propose une analyse compl\u00e8te du march\u00e9 afin de vous aider \u00e0 obtenir le meilleur prix pour la vente de votre propri\u00e9t\u00e9. Laissez notre expertise combin\u00e9e travailler pour vous ! Investissement Vous construisez votre portefeuille d'investissement ? Nous sommes l\u00e0 pour vous [&hellip;]","og_url":"https:\/\/coreconsultantsrealty.com\/fr\/services-residentiels\/","og_site_name":"Core Consultants Realty","article_publisher":"https:\/\/www.facebook.com\/coreconsultantsrealty","article_modified_time":"2022-04-22T20:37:46+00:00","twitter_card":"summary_large_image","twitter_misc":{"Dur\u00e9e de lecture estim\u00e9e":"6 minutes"},"schema":{"@context":"https:\/\/schema.org","@graph":[{"@type":"WebPage","@id":"https:\/\/coreconsultantsrealty.com\/fr\/services-residentiels\/","url":"https:\/\/coreconsultantsrealty.com\/fr\/services-residentiels\/","name":"Services r\u00e9sidentiels - Core Consultants Realty","isPartOf":{"@id":"https:\/\/coreconsultantsrealty.com\/#website"},"datePublished":"2022-03-15T13:37:18+00:00","dateModified":"2022-04-22T20:37:46+00:00","breadcrumb":{"@id":"https:\/\/coreconsultantsrealty.com\/fr\/services-residentiels\/#breadcrumb"},"inLanguage":"fr-FR","potentialAction":[{"@type":"ReadAction","target":["https:\/\/coreconsultantsrealty.com\/fr\/services-residentiels\/"]}]},{"@type":"BreadcrumbList","@id":"https:\/\/coreconsultantsrealty.com\/fr\/services-residentiels\/#breadcrumb","itemListElement":[{"@type":"ListItem","position":1,"name":"Home","item":"https:\/\/coreconsultantsrealty.com\/fr\/"},{"@type":"ListItem","position":2,"name":"Services r\u00e9sidentiels"}]},{"@type":"WebSite","@id":"https:\/\/coreconsultantsrealty.com\/#website","url":"https:\/\/coreconsultantsrealty.com\/","name":"Core Consultants Realty","description":"Real Estate Brokerage","potentialAction":[{"@type":"SearchAction","target":{"@type":"EntryPoint","urlTemplate":"https:\/\/coreconsultantsrealty.com\/?s={search_term_string}"},"query-input":"required name=search_term_string"}],"inLanguage":"fr-FR"}]}},"_links":{"self":[{"href":"https:\/\/coreconsultantsrealty.com\/fr\/wp-json\/wp\/v2\/pages\/19957"}],"collection":[{"href":"https:\/\/coreconsultantsrealty.com\/fr\/wp-json\/wp\/v2\/pages"}],"about":[{"href":"https:\/\/coreconsultantsrealty.com\/fr\/wp-json\/wp\/v2\/types\/page"}],"author":[{"embeddable":true,"href":"https:\/\/coreconsultantsrealty.com\/fr\/wp-json\/wp\/v2\/users\/2"}],"replies":[{"embeddable":true,"href":"https:\/\/coreconsultantsrealty.com\/fr\/wp-json\/wp\/v2\/comments?post=19957"}],"version-history":[{"count":9,"href":"https:\/\/coreconsultantsrealty.com\/fr\/wp-json\/wp\/v2\/pages\/19957\/revisions"}],"predecessor-version":[{"id":20320,"href":"https:\/\/coreconsultantsrealty.com\/fr\/wp-json\/wp\/v2\/pages\/19957\/revisions\/20320"}],"wp:attachment":[{"href":"https:\/\/coreconsultantsrealty.com\/fr\/wp-json\/wp\/v2\/media?parent=19957"}],"curies":[{"name":"wp","href":"https:\/\/api.w.org\/{rel}","templated":true}]}}